{"id":1795,"date":"2025-08-11T09:19:39","date_gmt":"2025-08-11T07:19:39","guid":{"rendered":"https:\/\/gilmobiliari.com\/cookies\/"},"modified":"2025-08-11T23:34:21","modified_gmt":"2025-08-11T21:34:21","slug":"cookies","status":"publish","type":"page","link":"https:\/\/gilmobiliari.com\/es\/cookies\/","title":{"rendered":"Pol\u00edtica de cookies"},"content":{"rendered":"\n<p>Nuestra web utiliza \u00abcookies\u00bb propias y de terceros para mejorar tu experiencia de usuario y ofrecer contenidos de inter\u00e9s. Las cookies te permiten navegar por nuestra web, y a nosotros nos permiten saber qu\u00e9 p\u00e1ginas visitan los clientes.<\/p>\n\n\n\n<p>Nos ayudan a medir la eficacia de los anuncios y b\u00fasquedas, y nos proporcionan informaci\u00f3n sobre el comportamiento de los usuarios, que utilizamos para mejorar nuestros productos y mensajes.<\/p>\n\n\n\n<p>Si deseas desactivar las cookies, debes hacerlo desde las preferencias de tu navegador.<br>Dado que nuestro sitio web utiliza cookies, es posible que no puedas acceder a determinadas secciones si las desactivas.<\/p>\n\n\n\n<h2 class=\"wp-block-heading\">Tipos de cookies<\/h2>\n\n\n\n<h4 class=\"wp-block-heading\">Categor\u00eda 1: cookies estrictamente necesarias<\/h4>\n\n\n\n<p>Estas cookies son imprescindibles para que puedas navegar por las p\u00e1ginas y utilizar sus funcionalidades. Sin estas cookies, no podemos ofrecerte servicios como el carrito de la compra o el pago por Internet.<\/p>\n\n\n\n<h4 class=\"wp-block-heading\">Categor\u00eda 2: cookies de comportamiento<\/h4>\n\n\n\n<p>Estas cookies recopilan informaci\u00f3n sobre c\u00f3mo utilizas nuestros sitios, por ejemplo, qu\u00e9 p\u00e1ginas visitas con m\u00e1s frecuencia. Estos datos nos permiten optimizar los sitios y facilitar la navegaci\u00f3n. Estas cookies tambi\u00e9n permiten a nuestros afiliados saber si has llegado a nuestra web a trav\u00e9s de ellos y si tu visita termin\u00f3 en la compra o uso de alguno de nuestros productos o servicios, as\u00ed como los detalles de dicho producto o servicio.<\/p>\n\n\n\n<p>Estas cookies no contienen informaci\u00f3n que permita identificarte. Todos los datos recogidos en estas cookies se recopilan de forma an\u00f3nima.<\/p>\n\n\n\n<h4 class=\"wp-block-heading\">Categor\u00eda 3: cookies de funcionalidad<\/h4>\n\n\n\n<p>Estas cookies permiten que nuestros sitios recuerden las opciones que seleccionas al navegar. Por ejemplo, podemos almacenar tu ubicaci\u00f3n geogr\u00e1fica en una cookie para asegurarnos de que las p\u00e1ginas mostradas est\u00e9n dirigidas a tu zona. Tambi\u00e9n pueden conservar preferencias como el tama\u00f1o del texto, las fuentes y otros elementos personalizables. Otro posible uso es registrar los productos destacados o v\u00eddeos que ya han aparecido y evitar repeticiones. Los datos recogidos en estas cookies no te identifican personalmente y no permiten rastrear tu actividad fuera de los sitios web de Gilmobiliari.<\/p>\n","protected":false},"excerpt":{"rendered":"<p>Nuestra web utiliza \u00abcookies\u00bb propias y de terceros para mejorar tu experiencia de usuario y ofrecer contenidos de inter\u00e9s. Las cookies te permiten navegar por nuestra<span class=\"excerpt-hellip\"> [\u2026]<\/span><\/p>\n","protected":false},"author":1,"featured_media":0,"parent":0,"menu_order":11,"comment_status":"closed","ping_status":"closed","template":"","meta":{"footnotes":""},"class_list":["post-1795","page","type-page","status-publish","hentry"],"aioseo_notices":[],"_links":{"self":[{"href":"https:\/\/gilmobiliari.com\/es\/wp-json\/wp\/v2\/pages\/1795","targetHints":{"allow":["GET"]}}],"collection":[{"href":"https:\/\/gilmobiliari.com\/es\/wp-json\/wp\/v2\/pages"}],"about":[{"href":"https:\/\/gilmobiliari.com\/es\/wp-json\/wp\/v2\/types\/page"}],"author":[{"embeddable":true,"href":"https:\/\/gilmobiliari.com\/es\/wp-json\/wp\/v2\/users\/1"}],"replies":[{"embeddable":true,"href":"https:\/\/gilmobiliari.com\/es\/wp-json\/wp\/v2\/comments?post=1795"}],"version-history":[{"count":1,"href":"https:\/\/gilmobiliari.com\/es\/wp-json\/wp\/v2\/pages\/1795\/revisions"}],"predecessor-version":[{"id":1797,"href":"https:\/\/gilmobiliari.com\/es\/wp-json\/wp\/v2\/pages\/1795\/revisions\/1797"}],"wp:attachment":[{"href":"https:\/\/gilmobiliari.com\/es\/wp-json\/wp\/v2\/media?parent=1795"}],"curies":[{"name":"wp","href":"https:\/\/api.w.org\/{rel}","templated":true}]}}