{"id":1794,"date":"2025-08-11T09:19:39","date_gmt":"2025-08-11T07:19:39","guid":{"rendered":"https:\/\/gilmobiliari.com\/cookies\/"},"modified":"2025-08-11T23:36:56","modified_gmt":"2025-08-11T21:36:56","slug":"cookies","status":"publish","type":"page","link":"https:\/\/gilmobiliari.com\/fr\/cookies\/","title":{"rendered":"Politique de cookies"},"content":{"rendered":"\n<p>Notre site web utilise des \u00ab\u00a0cookies\u00a0\u00bb propri\u00e9taires et de tiers pour am\u00e9liorer votre exp\u00e9rience utilisateur et proposer des contenus pertinents. Les cookies vous permettent de naviguer sur notre site, et nous permettent de savoir quelles pages sont consult\u00e9es par les utilisateurs.<\/p>\n\n\n\n<p>Ils nous aident \u00e0 mesurer l\u2019efficacit\u00e9 des publicit\u00e9s et des recherches, et nous fournissent des informations sur le comportement des utilisateurs, que nous utilisons pour am\u00e9liorer nos produits et nos messages.<\/p>\n\n\n\n<p>Si vous souhaitez d\u00e9sactiver les cookies, vous devez le faire depuis les pr\u00e9f\u00e9rences de votre navigateur. \u00c9tant donn\u00e9 que notre site utilise des cookies, il est possible que certaines sections ne soient pas accessibles si vous les d\u00e9sactivez.<\/p>\n\n\n\n<h2 class=\"wp-block-heading\">Types de cookies<\/h2>\n\n\n\n<h4 class=\"wp-block-heading\">Cat\u00e9gorie 1 : cookies strictement n\u00e9cessaires<\/h4>\n\n\n\n<p>Ces cookies sont indispensables pour que vous puissiez naviguer sur les pages et utiliser leurs fonctionnalit\u00e9s. Sans ces cookies, nous ne pouvons pas vous offrir des services tels que le panier d\u2019achat ou le paiement en ligne.<\/p>\n\n\n\n<h4 class=\"wp-block-heading\">Cat\u00e9gorie 2 : cookies de performance\/comportement<\/h4>\n\n\n\n<p>Ces cookies collectent des informations sur la mani\u00e8re dont vous utilisez nos sites, par exemple les pages que vous visitez le plus souvent. Ces donn\u00e9es nous permettent d\u2019optimiser nos sites et de faciliter la navigation. Ces cookies permettent \u00e9galement \u00e0 nos partenaires affili\u00e9s de savoir si vous \u00eates arriv\u00e9 sur notre site via leurs liens, si votre visite a abouti \u00e0 un achat ou \u00e0 l\u2019utilisation de nos produits ou services, ainsi que les d\u00e9tails de ces derniers.<\/p>\n\n\n\n<p>Ces cookies ne contiennent aucune information permettant de vous identifier personnellement. Toutes les donn\u00e9es recueillies sont collect\u00e9es de mani\u00e8re anonyme.<\/p>\n\n\n\n<h4 class=\"wp-block-heading\">Cat\u00e9gorie 3 : cookies de fonctionnalit\u00e9<\/h4>\n\n\n\n<p>Ces cookies permettent \u00e0 nos sites de se souvenir des choix que vous faites lors de la navigation. Par exemple, nous pouvons enregistrer votre position g\u00e9ographique dans un cookie afin de nous assurer que les pages affich\u00e9es correspondent \u00e0 votre r\u00e9gion. Ils peuvent \u00e9galement conserver des pr\u00e9f\u00e9rences telles que la taille du texte, les polices et d&rsquo;autres \u00e9l\u00e9ments personnalisables. Une autre utilisation possible est d\u2019enregistrer les produits ou vid\u00e9os d\u00e9j\u00e0 affich\u00e9s afin d\u2019\u00e9viter les r\u00e9p\u00e9titions. Les donn\u00e9es collect\u00e9es par ces cookies ne permettent pas de vous identifier personnellement et ne suivent pas votre activit\u00e9 en dehors des sites web de Gilmobiliari.<\/p>\n","protected":false},"excerpt":{"rendered":"<p>Notre site web utilise des \u00ab\u00a0cookies\u00a0\u00bb propri\u00e9taires et de tiers pour am\u00e9liorer votre exp\u00e9rience utilisateur et proposer des contenus pertinents. Les cookies vous permettent de naviguer<span class=\"excerpt-hellip\"> [\u2026]<\/span><\/p>\n","protected":false},"author":1,"featured_media":0,"parent":0,"menu_order":11,"comment_status":"closed","ping_status":"closed","template":"","meta":{"footnotes":""},"class_list":["post-1794","page","type-page","status-publish","hentry"],"aioseo_notices":[],"_links":{"self":[{"href":"https:\/\/gilmobiliari.com\/fr\/wp-json\/wp\/v2\/pages\/1794","targetHints":{"allow":["GET"]}}],"collection":[{"href":"https:\/\/gilmobiliari.com\/fr\/wp-json\/wp\/v2\/pages"}],"about":[{"href":"https:\/\/gilmobiliari.com\/fr\/wp-json\/wp\/v2\/types\/page"}],"author":[{"embeddable":true,"href":"https:\/\/gilmobiliari.com\/fr\/wp-json\/wp\/v2\/users\/1"}],"replies":[{"embeddable":true,"href":"https:\/\/gilmobiliari.com\/fr\/wp-json\/wp\/v2\/comments?post=1794"}],"version-history":[{"count":2,"href":"https:\/\/gilmobiliari.com\/fr\/wp-json\/wp\/v2\/pages\/1794\/revisions"}],"predecessor-version":[{"id":1800,"href":"https:\/\/gilmobiliari.com\/fr\/wp-json\/wp\/v2\/pages\/1794\/revisions\/1800"}],"wp:attachment":[{"href":"https:\/\/gilmobiliari.com\/fr\/wp-json\/wp\/v2\/media?parent=1794"}],"curies":[{"name":"wp","href":"https:\/\/api.w.org\/{rel}","templated":true}]}}